{"id":2,"date":"2017-01-27T10:09:42","date_gmt":"2017-01-27T09:09:42","guid":{"rendered":"https:\/\/miksochips.com\/?page_id=2"},"modified":"2023-04-12T07:57:22","modified_gmt":"2023-04-12T06:57:22","slug":"pagina-exemple","status":"publish","type":"page","link":"https:\/\/miksochips.com\/ca\/","title":{"rendered":"Home"},"content":{"rendered":"<p>Aquesta \u00e9s una p\u00e0gina d&#8217;exemple. \u00c9s diferent d&#8217;una entrada del bloc perqu\u00e8 romandr\u00e0 sempre al mateix lloc i es mostrar\u00e0 al men\u00fa de navegaci\u00f3 de la p\u00e0gina web (a molts temes). La majoria de gent comen\u00e7a amb una p\u00e0gina quant a qu\u00e8 els presenta als visitants potencials de la p\u00e0gina web. Podria ser quelcom com aix\u00f2:<\/p>\n<blockquote><p>Hola a tothom! Treballo de missatger en bicicleta de dia, s\u00f3c un aspirant a actor de nit, i aquest \u00e9s el meu bloc. Visc a Barcelona, tinc un gos meravell\u00f3s que es diu Pep, i m&#8217;agraden les cal\u00e7otades (i quedar atrapat per la pluja.)<\/p><\/blockquote>\n<p>&#8230; o potser aix\u00f2:<\/p>\n<blockquote><p>La companyia Enginys XYZ es va fundar el 1971, i ha prove\u00eft al p\u00fablic d&#8217;enginys de qualitat des de llavors. Ubicada a Gotham City, XYZ d\u00f3na treball a m\u00e9s de 2.000 persones i fa tot tipus de coses impressionants per a la comunitat de Gotham.<\/p><\/blockquote>\n<p>Com a bloguers nous del WordPress, haur\u00edeu d&#8217;anar al <a href=\"https:\/\/miksochips.com\/wp-admin\/\">tauler<\/a> per suprimir aquesta p\u00e0gina i crear-ne de noves amb el vostre contingut. A passar-ho b\u00e9!<\/p>\n","protected":false},"excerpt":{"rendered":"<p>Aquesta \u00e9s una p\u00e0gina d&#8217;exemple. \u00c9s diferent d&#8217;una entrada del bloc perqu\u00e8 romandr\u00e0 sempre al mateix lloc i es mostrar\u00e0 al men\u00fa de navegaci\u00f3 de la p\u00e0gina web (a molts temes). La majoria de gent comen\u00e7a amb una p\u00e0gina quant a qu\u00e8 els presenta als visitants potencials de la p\u00e0gina web. Podria ser quelcom com&#8230;  <a class=\"excerpt-read-more\" href=\"https:\/\/miksochips.com\/ca\/\" title=\"Read Home\">Read more &raquo;<\/a><\/p>\n","protected":false},"author":1,"featured_media":0,"parent":0,"menu_order":0,"comment_status":"closed","ping_status":"open","template":"page-home.php","meta":{"footnotes":""},"class_list":["post-2","page","type-page","status-publish","hentry"],"_links":{"self":[{"href":"https:\/\/miksochips.com\/ca\/wp-json\/wp\/v2\/pages\/2","targetHints":{"allow":["GET"]}}],"collection":[{"href":"https:\/\/miksochips.com\/ca\/wp-json\/wp\/v2\/pages"}],"about":[{"href":"https:\/\/miksochips.com\/ca\/wp-json\/wp\/v2\/types\/page"}],"author":[{"embeddable":true,"href":"https:\/\/miksochips.com\/ca\/wp-json\/wp\/v2\/users\/1"}],"replies":[{"embeddable":true,"href":"https:\/\/miksochips.com\/ca\/wp-json\/wp\/v2\/comments?post=2"}],"version-history":[{"count":54,"href":"https:\/\/miksochips.com\/ca\/wp-json\/wp\/v2\/pages\/2\/revisions"}],"predecessor-version":[{"id":315,"href":"https:\/\/miksochips.com\/ca\/wp-json\/wp\/v2\/pages\/2\/revisions\/315"}],"wp:attachment":[{"href":"https:\/\/miksochips.com\/ca\/wp-json\/wp\/v2\/media?parent=2"}],"curies":[{"name":"wp","href":"https:\/\/api.w.org\/{rel}","templated":true}]}}