{"id":308,"date":"2023-01-27T13:05:48","date_gmt":"2023-01-27T12:05:48","guid":{"rendered":"https:\/\/miksochips.com\/?page_id=308\/"},"modified":"2023-01-27T13:06:27","modified_gmt":"2023-01-27T12:06:27","slug":"politica-de-cookies","status":"publish","type":"page","link":"https:\/\/miksochips.com\/ca\/politica-de-cookies\/","title":{"rendered":"Pol\u00edtica de cookies"},"content":{"rendered":"<p><strong>1.1.- Qu\u00e8 s\u00f3n les cookies?<\/strong><\/p>\n<p>Les cookies s\u00f3n uns fitxers de text que s&#8217;allotgen al terminal de l&#8217;usuari visitant i que emmagatzemen i recuperen informaci\u00f3 sobre la navegaci\u00f3. Encara que la funcionalitat de les galetes \u00e9s sempre la mateixa la finalitat pot variar de manera que hi ha diferents tipus de galetes.<\/p>\n<p>A l&#8217;apartat seg\u00fcent de la present pol\u00edtica s&#8217;indica l&#8217;\u00fas concret que es fa de les cookies al present lloc web.<\/p>\n<p>Si vols obtenir m\u00e9s informaci\u00f3 en relaci\u00f3 amb les cookies, posem a la teva disposici\u00f3 els seg\u00fcents enlla\u00e7os:<\/p>\n<ul>\n<li><a href=\"https:\/\/ca.wikipedia.org\/wiki\/Galeta_(inform%C3%A0tica)\">Entrada en la Wikipedia sobre les cookies<\/a>.<\/li>\n<li><a href=\"http:\/\/tools.ietf.org\/html\/rfc6265\">Document t\u00e8cnic explicatiu sobre les cookies<\/a>.<\/li>\n<li><a href=\"http:\/\/www.allaboutcookies.org\/es\/\">http:\/\/www.allaboutcookies.org\/es\/<\/a><\/li>\n<\/ul>\n<p>&nbsp;<\/p>\n<p><strong>1.2.- Tipus de cookies que s&#8217;utilitzen en aquest lloc web.<\/strong><\/p>\n<p><u>Aquest lloc web empra exclusivament cookies t\u00e8cniques. <\/u>Aquest tipus de cookies ajuden a fer una p\u00e0gina web utilitzable activant funcions b\u00e0siques com la navegaci\u00f3 a la p\u00e0gina i l&#8217;acc\u00e9s a \u00e0rees segures de la mateixa. La p\u00e0gina web no pot funcionar adequadament sense aquestes galetes. S\u00f3n imprescindibles per al funcionament correcte del lloc web.<\/p>\n<p>No es fan servir cookies ni pr\u00f2pies ni de tercers amb finalitat diferent de la t\u00e8cnica.<\/p>\n<p>&nbsp;<\/p>\n<p><strong>1.3.- Sobre la forma de revocar la instal\u00b7laci\u00f3 de les cookies.<\/strong><\/p>\n<p>Un cop instal\u00b7lades les cookies t\u00e8cniques podr\u00e0s eliminar-les emprant les opcions de configuraci\u00f3 de qu\u00e8 disposen els<a href=\"http:\/\/es.wikipedia.org\/wiki\/Navegador_web\"> navegadors<\/a>, a trav\u00e9s de les quals es permeten ajustar diversos nivells de privadesa, de manera que, per exemple, es deneguin totes les galetes que pugui enviar un lloc web com aquest o fins i tot s&#8217;eliminin totes les galetes que poguessin haver-se desat. Per modificar aquests par\u00e0metres pots sol\u00b7licitar ajuda al fabricant del mateix o consultar-ne la documentaci\u00f3 que es relaciona a continuaci\u00f3:<\/p>\n<ul>\n<li><a href=\"http:\/\/support.google.com\/chrome\/bin\/answer.py?hl=es&amp;answer=95647\">Google Chrome<\/a>, <a href=\"http:\/\/support.mozilla.org\/es\/kb\/Habilitar%20y%20deshabilitar%20cookies\">Mozilla Firefox<\/a>, <a href=\"https:\/\/support.microsoft.com\/es-es\/windows\/eliminar-y-administrar-cookies-168dab11-0753-043d-7c16-ede5947fc64d\">Microsoft Edge<\/a> y\u00a0 <a href=\"https:\/\/support.apple.com\/es-es\/guide\/safari\/sfri11471\/mac\">Safari<\/a><u>.<\/u><\/li>\n<li><a href=\"https:\/\/support.apple.com\/es-es\/HT201265\">IOS<\/a> y <a href=\"https:\/\/support.google.com\/chrome\/answer\/114662?hl=es&amp;visit_id=0-636432348995326330-3931612517&amp;rd=1&amp;co=GENIE.Platform%3DAndroid&amp;oco=1\">Android<\/a>.<\/li>\n<\/ul>\n<p>En cas que restringeixis o bloquegis alguna o totes les galetes del present lloc web, \u00e9s possible que algunes de les funcionalitats o serveis prestats a trav\u00e9s d&#8217;aquesta p\u00e0gina no estiguin disponibles.<\/p>\n<p><strong>1.4.- Navegaci\u00f3 privada o d&#8217;inc\u00f2gnit.<\/strong><\/p>\n<p>Finalment, al marge de la possibilitat de restringir o eliminar les galetes la majoria dels navegadors web permeten la visita a les p\u00e0gines mitjan\u00e7ant la modalitat coneguda com \u201c<a href=\"https:\/\/support.mozilla.org\/es\/kb\/navegacion-privada-Firefox-no-guardar-historial-navegacion\">navegaci\u00f3 privada<\/a>, d&#8217;<a href=\"https:\/\/support.google.com\/chrome\/answer\/95464?co=GENIE.Platform%3DDesktop&amp;hl=es\">inc\u00f2gnit<\/a>, <a href=\"https:\/\/support.google.com\/chrome\/answer\/95464?co=GENIE.Platform%3DDesktop&amp;hl=es\">inPrivate<\/a>\u201d. Aquesta funcionalitat implica que en tancar al navegador\/pestanya s&#8217;eliminin les dades de la navegaci\u00f3 que s&#8217;hagin pogut emmagatzemar o generar (entre elles, les cookies).<\/p>\n<p>&nbsp;<\/p>\n","protected":false},"excerpt":{"rendered":"<p>1.1.- Qu\u00e8 s\u00f3n les cookies? Les cookies s\u00f3n uns fitxers de text que s&#8217;allotgen al terminal de l&#8217;usuari visitant i que emmagatzemen i recuperen informaci\u00f3 sobre la navegaci\u00f3. Encara que la funcionalitat de les galetes \u00e9s sempre la mateixa la finalitat pot variar de manera que hi ha diferents tipus de galetes. A l&#8217;apartat seg\u00fcent&#8230;  <a class=\"excerpt-read-more\" href=\"https:\/\/miksochips.com\/ca\/politica-de-cookies\/\" title=\"Read Pol\u00edtica de cookies\">Read more &raquo;<\/a><\/p>\n","protected":false},"author":1,"featured_media":0,"parent":0,"menu_order":0,"comment_status":"closed","ping_status":"closed","template":"","meta":{"footnotes":""},"class_list":["post-308","page","type-page","status-publish","hentry"],"_links":{"self":[{"href":"https:\/\/miksochips.com\/ca\/wp-json\/wp\/v2\/pages\/308","targetHints":{"allow":["GET"]}}],"collection":[{"href":"https:\/\/miksochips.com\/ca\/wp-json\/wp\/v2\/pages"}],"about":[{"href":"https:\/\/miksochips.com\/ca\/wp-json\/wp\/v2\/types\/page"}],"author":[{"embeddable":true,"href":"https:\/\/miksochips.com\/ca\/wp-json\/wp\/v2\/users\/1"}],"replies":[{"embeddable":true,"href":"https:\/\/miksochips.com\/ca\/wp-json\/wp\/v2\/comments?post=308"}],"version-history":[{"count":1,"href":"https:\/\/miksochips.com\/ca\/wp-json\/wp\/v2\/pages\/308\/revisions"}],"predecessor-version":[{"id":309,"href":"https:\/\/miksochips.com\/ca\/wp-json\/wp\/v2\/pages\/308\/revisions\/309"}],"wp:attachment":[{"href":"https:\/\/miksochips.com\/ca\/wp-json\/wp\/v2\/media?parent=308"}],"curies":[{"name":"wp","href":"https:\/\/api.w.org\/{rel}","templated":true}]}}